{"id":507,"date":"2026-02-08T20:38:36","date_gmt":"2026-02-08T20:38:36","guid":{"rendered":"https:\/\/staging.sunriseglobal.net\/neuroverseclinic\/?page_id=507"},"modified":"2026-02-08T20:39:43","modified_gmt":"2026-02-08T20:39:43","slug":"blog","status":"publish","type":"page","link":"https:\/\/staging.sunriseglobal.net\/neuroverseclinic\/blog\/","title":{"rendered":"Blog"},"content":{"rendered":"<style>.elementor-507 .elementor-element.elementor-element-8373562{--display:flex;--flex-direction:column;--container-widget-width:calc( ( 1 - var( --container-widget-flex-grow ) ) * 100% );--container-widget-height:initial;--container-widget-flex-grow:0;--container-widget-align-self:initial;--flex-wrap-mobile:wrap;--align-items:center;--border-radius:20px 20px 20px 20px;--padding-top:0px;--padding-bottom:0px;--padding-left:24px;--padding-right:24px;}.elementor-507 .elementor-element.elementor-element-b104f26{--display:flex;--flex-direction:column;--container-widget-width:calc( ( 1 - var( --container-widget-flex-grow ) ) * 100% );--container-widget-height:initial;--container-widget-flex-grow:0;--container-widget-align-self:initial;--flex-wrap-mobile:wrap;--align-items:center;--overflow:hidden;--overlay-opacity:0.9;--border-radius:20px 20px 20px 20px;--margin-top:0px;--margin-bottom:0px;--margin-left:0px;--margin-right:0px;--padding-top:40px;--padding-bottom:0px;--padding-left:0px;--padding-right:0px;}.elementor-507 .elementor-element.elementor-element-b104f26:not(.elementor-motion-effects-element-type-background), .elementor-507 .elementor-element.elementor-element-b104f26 > .elementor-motion-effects-container > .elementor-motion-effects-layer{background-color:var( --e-global-color-primary );background-image:url(\"https:\/\/staging.sunriseglobal.net\/neuroverseclinic\/wp-content\/uploads\/2026\/01\/DSCF5165-2-2-scaled.jpg\");background-position:center center;background-size:cover;}.elementor-507 .elementor-element.elementor-element-b104f26::before, .elementor-507 .elementor-element.elementor-element-b104f26 > .elementor-background-video-container::before, .elementor-507 .elementor-element.elementor-element-b104f26 > .e-con-inner > .elementor-background-video-container::before, .elementor-507 .elementor-element.elementor-element-b104f26 > .elementor-background-slideshow::before, .elementor-507 .elementor-element.elementor-element-b104f26 > .e-con-inner > .elementor-background-slideshow::before, .elementor-507 .elementor-element.elementor-element-b104f26 > .elementor-motion-effects-container > .elementor-motion-effects-layer::before{background-color:transparent;--background-overlay:'';background-image:linear-gradient(180deg, var( --e-global-color-f46360c ) 10%, var( --e-global-color-dbae86c ) 200%);}.elementor-507 .elementor-element.elementor-element-3119bdf{--display:flex;--flex-direction:column;--container-widget-width:calc( ( 1 - var( --container-widget-flex-grow ) ) * 100% );--container-widget-height:initial;--container-widget-flex-grow:0;--container-widget-align-self:initial;--flex-wrap-mobile:wrap;--justify-content:center;--align-items:center;--padding-top:130px;--padding-bottom:130px;--padding-left:0px;--padding-right:0px;}.elementor-507 .elementor-element.elementor-element-abdc0e6{width:var( --container-widget-width, 359.988px );max-width:359.988px;--container-widget-width:359.988px;--container-widget-flex-grow:0;}.elementor-507 .elementor-element.elementor-element-abdc0e6.elementor-element{--flex-grow:0;--flex-shrink:0;}.elementor-507 .elementor-element.elementor-element-abdc0e6 .jeg-elementor-kit.jkit-heading{text-align:center;}.elementor-507 .elementor-element.elementor-element-abdc0e6 .jeg-elementor-kit.jkit-heading .heading-title{font-family:\"Poppins\", Sans-serif;font-size:55px;font-weight:700;text-transform:none;font-style:normal;text-decoration:none;line-height:70px;color:var( --e-global-color-8d4d01e );}.elementor-507 .elementor-element.elementor-element-abdc0e6 .jeg-elementor-kit.jkit-heading .heading-section-title{margin:0px 0px 0px 0px;}.elementor-507 .elementor-element.elementor-element-abdc0e6 .jeg-elementor-kit.jkit-heading .heading-section-title .heading-title{padding:0px 0px 0px 0px;}.elementor-507 .elementor-element.elementor-element-abdc0e6 .jeg-elementor-kit.jkit-heading .heading-section-subtitle{color:var( --e-global-color-8d4d01e );font-family:var( --e-global-typography-16bf55c-font-family ), Sans-serif;font-size:var( --e-global-typography-16bf55c-font-size );font-weight:var( --e-global-typography-16bf55c-font-weight );text-transform:var( --e-global-typography-16bf55c-text-transform );font-style:var( --e-global-typography-16bf55c-font-style );text-decoration:var( --e-global-typography-16bf55c-text-decoration );line-height:var( --e-global-typography-16bf55c-line-height );margin:8px 0px 0px 0px;}.elementor-507 .elementor-element.elementor-element-b5c1cc4{--display:flex;--flex-direction:column;--container-widget-width:calc( ( 1 - var( --container-widget-flex-grow ) ) * 100% );--container-widget-height:initial;--container-widget-flex-grow:0;--container-widget-align-self:initial;--flex-wrap-mobile:wrap;--align-items:center;--border-radius:0px 0px 20px 20px;--padding-top:123px;--padding-bottom:120px;--padding-left:0px;--padding-right:0px;}.elementor-507 .elementor-element.elementor-element-b5c1cc4:not(.elementor-motion-effects-element-type-background), .elementor-507 .elementor-element.elementor-element-b5c1cc4 > .elementor-motion-effects-container > .elementor-motion-effects-layer{background-color:var( --e-global-color-8d4d01e );}.elementor-507 .elementor-element.elementor-element-99d6e0c{--display:flex;--flex-direction:column;--container-widget-width:calc( ( 1 - var( --container-widget-flex-grow ) ) * 100% );--container-widget-height:initial;--container-widget-flex-grow:0;--container-widget-align-self:initial;--flex-wrap-mobile:wrap;--align-items:center;--gap:60px 60px;--row-gap:60px;--column-gap:60px;}.elementor-507 .elementor-element.elementor-element-5a276af .jeg-elementor-kit.jkit-heading{text-align:center;}.elementor-507 .elementor-element.elementor-element-5a276af .jeg-elementor-kit.jkit-heading .heading-title{font-family:var( --e-global-typography-d8e0896-font-family ), Sans-serif;font-size:var( --e-global-typography-d8e0896-font-size );font-weight:var( --e-global-typography-d8e0896-font-weight );text-transform:var( --e-global-typography-d8e0896-text-transform );font-style:var( --e-global-typography-d8e0896-font-style );text-decoration:var( --e-global-typography-d8e0896-text-decoration );line-height:var( --e-global-typography-d8e0896-line-height );color:var( --e-global-color-f46360c );}.elementor-507 .elementor-element.elementor-element-5a276af .jeg-elementor-kit.jkit-heading .heading-section-title{margin:0px 0px 0px 0px;}.elementor-507 .elementor-element.elementor-element-5a276af .jeg-elementor-kit.jkit-heading .heading-section-title .heading-title{padding:0px 0px 0px 0px;}.elementor-507 .elementor-element.elementor-element-5a276af .jeg-elementor-kit.jkit-heading .heading-section-subtitle{color:var( --e-global-color-f46360c );font-family:var( --e-global-typography-334d02d-font-family ), Sans-serif;font-size:var( --e-global-typography-334d02d-font-size );font-weight:var( --e-global-typography-334d02d-font-weight );text-transform:var( --e-global-typography-334d02d-text-transform );font-style:var( --e-global-typography-334d02d-font-style );text-decoration:var( --e-global-typography-334d02d-text-decoration );line-height:var( --e-global-typography-334d02d-line-height );margin:8px 0px 0px 0px;}.elementor-507 .elementor-element.elementor-element-0d870d7 > .elementor-widget-container{margin:0px -12px 0px -12px;}.elementor-507 .elementor-element.elementor-element-0d870d7 .elementor-button-content-wrapper{flex-direction:row-reverse;}.elementor-507 .elementor-element.elementor-element-0d870d7 .elementor-button .elementor-align-icon-right{margin-left:8px;margin-right:0;}.elementor-507 .elementor-element.elementor-element-0d870d7 .elementor-button .elementor-align-icon-left{margin-right:8px;margin-left:0;}.elementor-507 .elementor-element.elementor-element-0d870d7 .elementor-button .elementor-button-content-wrapper{gap:8px;}.elementor-507 .elementor-element.elementor-element-0d870d7 .grid-posts .grid-post:not(.grid-col-1){padding-left:calc(24px\/2);padding-right:calc(24px\/2);}.elementor-507 .elementor-element.elementor-element-0d870d7 .grid-posts .grid-post{padding-bottom:24px;}.elementor-507 .elementor-element.elementor-element-0d870d7 .grid-posts{margin-bottom:-24px;}.elementor-507 .elementor-element.elementor-element-0d870d7 .grid-posts .grid-post article{padding:16px 40px 16px 16px;border-style:none;border-radius:20px 20px 20px 20px;background-color:var( --e-global-color-8d4d01e );box-shadow:0px 4px 16px 0px rgba(0, 0, 0, 0.058823529411764705);transition:background 0.3s;}.elementor-507 .elementor-element.elementor-element-0d870d7 article .post-top{width:35%;}.elementor-507 .elementor-element.elementor-element-0d870d7 article .post-top + .post-content{width:calc( 100% - 35% );}.elementor-507 .elementor-element.elementor-element-0d870d7 article .blog-image{border-radius:16px 16px 16px 16px;padding:0px 0px 0px 0px;margin:0px 0px 0px 0px;}.elementor-507 .elementor-element.elementor-element-0d870d7 article .post-content{text-align:left;padding:0px 0px 0px 40px;border-radius:0px 0px 0px 0px;transition:background 0.3s;}.elementor-507 .elementor-element.elementor-element-0d870d7 .post-title a{font-family:var( --e-global-typography-4817547-font-family ), Sans-serif;font-size:var( --e-global-typography-4817547-font-size );font-weight:var( --e-global-typography-4817547-font-weight );text-transform:var( --e-global-typography-4817547-text-transform );font-style:var( --e-global-typography-4817547-font-style );text-decoration:var( --e-global-typography-4817547-text-decoration );line-height:var( --e-global-typography-4817547-line-height );color:var( --e-global-color-352f53e );}.elementor-507 .elementor-element.elementor-element-0d870d7 article .post-title{margin:0px 0px 0px 0px;padding:0px 0px 0px 0px;}.elementor-507 .elementor-element.elementor-element-0d870d7 article .content-excerpt{font-family:var( --e-global-typography-16bf55c-font-family ), Sans-serif;font-size:var( --e-global-typography-16bf55c-font-size );font-weight:var( --e-global-typography-16bf55c-font-weight );text-transform:var( --e-global-typography-16bf55c-text-transform );font-style:var( --e-global-typography-16bf55c-font-style );text-decoration:var( --e-global-typography-16bf55c-text-decoration );line-height:var( --e-global-typography-16bf55c-line-height );color:var( --e-global-color-d532e62 );margin:16px 0px 0px 0px;padding:0px 0px 0px 0px;}.elementor-507 .elementor-element.elementor-element-0d870d7 .elementor-button{font-family:var( --e-global-typography-d8e0896-font-family ), Sans-serif;font-size:var( --e-global-typography-d8e0896-font-size );font-weight:var( --e-global-typography-d8e0896-font-weight );text-transform:var( --e-global-typography-d8e0896-text-transform );font-style:var( --e-global-typography-d8e0896-font-style );text-decoration:var( --e-global-typography-d8e0896-text-decoration );line-height:var( --e-global-typography-d8e0896-line-height );margin:24px 0px 0px 0px;padding:0px 0px 0px 0px;border-radius:0px 0px 0px 0px;fill:var( --e-global-color-f46360c );color:var( --e-global-color-f46360c );background-color:var( --e-global-color-dbae86c );}.elementor-507 .elementor-element.elementor-element-0d870d7 article .elementor-button{border-style:none;}.elementor-507 .elementor-element.elementor-element-0d870d7 .elementor-button:hover, .elementor-507 .elementor-element.elementor-element-0d870d7 .elementor-button:focus{color:var( --e-global-color-352f53e );}.elementor-507 .elementor-element.elementor-element-0d870d7 .elementor-button:hover svg, .elementor-507 .elementor-element.elementor-element-0d870d7 .elementor-button:focus svg{fill:var( --e-global-color-352f53e );}.elementor-507 .elementor-element.elementor-element-0d870d7 .elementor-button .elementor-button-icon{font-size:20px;}.elementor-507 .elementor-element.elementor-element-0d870d7 .elementor-button .elementor-button-icon i, .elementor-507 .elementor-element.elementor-element-0d870d7 .elementor-button .elementor-button-icon svg{transform:rotate(0deg);}@media(min-width:768px){.elementor-507 .elementor-element.elementor-element-3119bdf{--width:1200px;}.elementor-507 .elementor-element.elementor-element-b5c1cc4{--width:100%;}.elementor-507 .elementor-element.elementor-element-99d6e0c{--width:1200px;}}@media(max-width:1024px) and (min-width:768px){.elementor-507 .elementor-element.elementor-element-b104f26{--width:100%;}.elementor-507 .elementor-element.elementor-element-3119bdf{--width:100%;}.elementor-507 .elementor-element.elementor-element-b5c1cc4{--width:100%;}.elementor-507 .elementor-element.elementor-element-99d6e0c{--width:100%;}}@media(max-width:1024px){.elementor-507 .elementor-element.elementor-element-8373562{--padding-top:0px;--padding-bottom:0px;--padding-left:16px;--padding-right:16px;}.elementor-507 .elementor-element.elementor-element-b104f26{--padding-top:90px;--padding-bottom:0px;--padding-left:16px;--padding-right:16px;}.elementor-507 .elementor-element.elementor-element-abdc0e6 .jeg-elementor-kit.jkit-heading .heading-section-subtitle{font-size:var( --e-global-typography-16bf55c-font-size );line-height:var( --e-global-typography-16bf55c-line-height );}.elementor-507 .elementor-element.elementor-element-b5c1cc4{--padding-top:120px;--padding-bottom:120px;--padding-left:16px;--padding-right:16px;}.elementor-507 .elementor-element.elementor-element-5a276af .jeg-elementor-kit.jkit-heading .heading-title{font-size:var( --e-global-typography-d8e0896-font-size );line-height:var( --e-global-typography-d8e0896-line-height );}.elementor-507 .elementor-element.elementor-element-5a276af .jeg-elementor-kit.jkit-heading .heading-section-subtitle{font-size:var( --e-global-typography-334d02d-font-size );line-height:var( --e-global-typography-334d02d-line-height );}.elementor-507 .elementor-element.elementor-element-0d870d7 .grid-posts .grid-post article{padding:16px 24px 16px 16px;}.elementor-507 .elementor-element.elementor-element-0d870d7 article .post-top{width:33%;}.elementor-507 .elementor-element.elementor-element-0d870d7 article .post-top + .post-content{width:calc( 100% - 33% );}.elementor-507 .elementor-element.elementor-element-0d870d7 article .post-content{padding:0px 0px 0px 24px;}.elementor-507 .elementor-element.elementor-element-0d870d7 .post-title a{font-size:var( --e-global-typography-4817547-font-size );line-height:var( --e-global-typography-4817547-line-height );}.elementor-507 .elementor-element.elementor-element-0d870d7 article .content-excerpt{font-size:var( --e-global-typography-16bf55c-font-size );line-height:var( --e-global-typography-16bf55c-line-height );}.elementor-507 .elementor-element.elementor-element-0d870d7 .elementor-button{font-size:var( --e-global-typography-d8e0896-font-size );line-height:var( --e-global-typography-d8e0896-line-height );}}@media(max-width:767px){.elementor-507 .elementor-element.elementor-element-b104f26{--margin-top:-80px;--margin-bottom:0px;--margin-left:0px;--margin-right:0px;--padding-top:70px;--padding-bottom:0px;--padding-left:16px;--padding-right:16px;}.elementor-507 .elementor-element.elementor-element-3119bdf{--flex-direction:column;--container-widget-width:calc( ( 1 - var( --container-widget-flex-grow ) ) * 100% );--container-widget-height:initial;--container-widget-flex-grow:0;--container-widget-align-self:initial;--flex-wrap-mobile:wrap;--justify-content:space-between;--align-items:center;}.elementor-507 .elementor-element.elementor-element-abdc0e6 .jeg-elementor-kit.jkit-heading{text-align:center;}.elementor-507 .elementor-element.elementor-element-abdc0e6 .jeg-elementor-kit.jkit-heading .heading-title{font-size:38px;line-height:1.25em;}.elementor-507 .elementor-element.elementor-element-abdc0e6 .jeg-elementor-kit.jkit-heading .heading-section-subtitle{font-size:var( --e-global-typography-16bf55c-font-size );line-height:var( --e-global-typography-16bf55c-line-height );}.elementor-507 .elementor-element.elementor-element-b5c1cc4{--padding-top:72px;--padding-bottom:72px;--padding-left:16px;--padding-right:16px;}.elementor-507 .elementor-element.elementor-element-99d6e0c{--gap:48px 48px;--row-gap:48px;--column-gap:48px;}.elementor-507 .elementor-element.elementor-element-5a276af .jeg-elementor-kit.jkit-heading{text-align:left;}.elementor-507 .elementor-element.elementor-element-5a276af .jeg-elementor-kit.jkit-heading .heading-title{font-size:var( --e-global-typography-d8e0896-font-size );line-height:var( --e-global-typography-d8e0896-line-height );}.elementor-507 .elementor-element.elementor-element-5a276af .jeg-elementor-kit.jkit-heading .heading-section-subtitle{font-size:var( --e-global-typography-334d02d-font-size );line-height:var( --e-global-typography-334d02d-line-height );}.elementor-507 .elementor-element.elementor-element-0d870d7 .grid-posts .grid-post article{padding:16px 16px 16px 16px;}.elementor-507 .elementor-element.elementor-element-0d870d7 article .post-content{padding:16px 8px 8px 8px;}.elementor-507 .elementor-element.elementor-element-0d870d7 .post-title a{font-size:var( --e-global-typography-4817547-font-size );line-height:var( --e-global-typography-4817547-line-height );}.elementor-507 .elementor-element.elementor-element-0d870d7 article .content-excerpt{font-size:var( --e-global-typography-16bf55c-font-size );line-height:var( --e-global-typography-16bf55c-line-height );}.elementor-507 .elementor-element.elementor-element-0d870d7 .elementor-button{font-size:var( --e-global-typography-d8e0896-font-size );line-height:var( --e-global-typography-d8e0896-line-height );margin:16px 0px 0px 0px;}}<\/style>\t\t<div data-elementor-type=\"wp-page\" data-elementor-id=\"507\" class=\"elementor elementor-507\">\n\t\t\t\t<div class=\"elementor-element elementor-element-8373562 e-con-full e-flex e-con e-parent\" data-id=\"8373562\" data-element_type=\"container\">\n\t\t<div class=\"elementor-element elementor-element-b104f26 e-con-full e-flex e-con e-child\" data-id=\"b104f26\" data-element_type=\"container\" data-settings=\"{&quot;background_background&quot;:&quot;classic&quot;}\">\n\t\t<div class=\"elementor-element elementor-element-3119bdf e-con-full e-flex e-con e-child\" data-id=\"3119bdf\" data-element_type=\"container\">\n\t\t\t\t<div class=\"elementor-element elementor-element-abdc0e6 elementor-widget__width-initial elementor-invisible elementor-widget elementor-widget-jkit_heading\" data-id=\"abdc0e6\" data-element_type=\"widget\" data-settings=\"{&quot;_animation&quot;:&quot;fadeIn&quot;,&quot;_animation_mobile&quot;:&quot;none&quot;}\" data-widget_type=\"jkit_heading.default\">\n\t\t\t\t\t<div  class=\"jeg-elementor-kit jkit-heading  align-center align-tablet- align-mobile-center jeg_module___69e75eed5f99c\" ><div class=\"heading-section-title  display-inline-block\"><h1 class=\"heading-title\">BLOG<\/h1><\/div><div class=\"heading-section-subtitle  style-color\">Bir Sonraki Ad\u0131m\u0131n\u0131z\u0131 Bizimle At\u0131n.<\/div><\/div>\t\t\t\t<\/div>\n\t\t\t\t<\/div>\n\t\t\t\t<\/div>\n\t\t\t\t<\/div>\n\t\t<div class=\"elementor-element elementor-element-b5c1cc4 e-con-full e-flex e-con e-child\" data-id=\"b5c1cc4\" data-element_type=\"container\" data-settings=\"{&quot;background_background&quot;:&quot;classic&quot;}\">\n\t\t<div class=\"elementor-element elementor-element-99d6e0c e-con-full e-flex e-con e-child\" data-id=\"99d6e0c\" data-element_type=\"container\">\n\t\t\t\t<div class=\"elementor-element elementor-element-5a276af elementor-invisible elementor-widget elementor-widget-jkit_heading\" data-id=\"5a276af\" data-element_type=\"widget\" data-settings=\"{&quot;_animation&quot;:&quot;fadeIn&quot;,&quot;_animation_mobile&quot;:&quot;none&quot;}\" data-widget_type=\"jkit_heading.default\">\n\t\t\t\t\t<div  class=\"jeg-elementor-kit jkit-heading  align-center align-tablet- align-mobile-left jeg_module__1_69e75eed60164\" ><div class=\"heading-section-title  display-inline-block\"><div class=\"heading-title\"><\/div><\/div><h2 class=\"heading-section-subtitle  style-color\">BLOG<\/h2><\/div>\t\t\t\t<\/div>\n\t\t\t\t<\/div>\n\t\t\t\t<\/div>\n\t\t\t\t<\/div>\n\t\t\n    <div class=\"xs_social_share_widget xs_share_url after_content \t\tmain_content  wslu-style-1 wslu-share-box-shaped wslu-fill-colored wslu-none wslu-share-horizontal wslu-theme-font-no wslu-main_content\">\n\n\t\t\n        <ul>\n\t\t\t        <\/ul>\n    <\/div> \n","protected":false},"excerpt":{"rendered":"<p>BLOG Bir Sonraki Ad\u0131m\u0131n\u0131z\u0131 Bizimle At\u0131n. BLOG<\/p>\n","protected":false},"author":1,"featured_media":0,"parent":0,"menu_order":0,"comment_status":"closed","ping_status":"closed","template":"elementor_header_footer","meta":{"postBodyCss":"","postBodyMargin":[],"postBodyPadding":[],"postBodyBackground":{"backgroundType":"classic","gradient":""},"footnotes":""},"class_list":["post-507","page","type-page","status-publish","hentry"],"_links":{"self":[{"href":"https:\/\/staging.sunriseglobal.net\/neuroverseclinic\/wp-json\/wp\/v2\/pages\/507","targetHints":{"allow":["GET"]}}],"collection":[{"href":"https:\/\/staging.sunriseglobal.net\/neuroverseclinic\/wp-json\/wp\/v2\/pages"}],"about":[{"href":"https:\/\/staging.sunriseglobal.net\/neuroverseclinic\/wp-json\/wp\/v2\/types\/page"}],"author":[{"embeddable":true,"href":"https:\/\/staging.sunriseglobal.net\/neuroverseclinic\/wp-json\/wp\/v2\/users\/1"}],"replies":[{"embeddable":true,"href":"https:\/\/staging.sunriseglobal.net\/neuroverseclinic\/wp-json\/wp\/v2\/comments?post=507"}],"version-history":[{"count":4,"href":"https:\/\/staging.sunriseglobal.net\/neuroverseclinic\/wp-json\/wp\/v2\/pages\/507\/revisions"}],"predecessor-version":[{"id":511,"href":"https:\/\/staging.sunriseglobal.net\/neuroverseclinic\/wp-json\/wp\/v2\/pages\/507\/revisions\/511"}],"wp:attachment":[{"href":"https:\/\/staging.sunriseglobal.net\/neuroverseclinic\/wp-json\/wp\/v2\/media?parent=507"}],"curies":[{"name":"wp","href":"https:\/\/api.w.org\/{rel}","templated":true}]}}